{"id":15465,"date":"2023-03-23T12:15:24","date_gmt":"2023-03-23T16:15:24","guid":{"rendered":"https:\/\/quiz.cubcadet.ca\/power-player\/"},"modified":"2024-04-17T10:00:04","modified_gmt":"2024-04-17T14:00:04","slug":"frappeur-de-puissance","status":"publish","type":"page","link":"https:\/\/quiz.cubcadet.ca\/fr\/frappeur-de-puissance\/","title":{"rendered":"Le frappeur de puissance"},"content":{"rendered":"\n<script>\n    window.location.replace(\"\/\");\n<\/script>\n","protected":false},"excerpt":{"rendered":"","protected":false},"author":7,"featured_media":15470,"parent":0,"menu_order":0,"comment_status":"closed","ping_status":"closed","template":"","meta":{"_acf_changed":false,"footnotes":""},"class_list":["post-15465","page","type-page","status-publish","has-post-thumbnail","hentry"],"acf":[],"yoast_head":"<!-- This site is optimized with the Yoast SEO plugin v27.0 - https:\/\/yoast.com\/product\/yoast-seo-wordpress\/ -->\n<title>Le frappeur de puissance - Cub Cadet Quiz<\/title>\n<meta name=\"description\" content=\"Je suis Le frappeur de puissance! Quelle est votre personnalit\u00e9 de golfeur? R\u00e9pondez au jeu-questionnaire sur votre personnalit\u00e9 au golf Cub CadetMD et vous pourriez gagner deux billets pour l\u2019Omnium canadien RBC 2024 ainsi qu\u2019une carte-cadeau VisaMC d\u2019une valeur de 500 $! AUCUN ACHAT REQUIS POUR PARTICIPER OU GAGNER.\" \/>\n<meta name=\"robots\" content=\"index, follow, max-snippet:-1, max-image-preview:large, max-video-preview:-1\" \/>\n<link rel=\"canonical\" href=\"https:\/\/quiz.cubcadet.ca\/fr\/frappeur-de-puissance\/\" \/>\n<meta property=\"og:locale\" content=\"fr_FR\" \/>\n<meta property=\"og:type\" content=\"article\" \/>\n<meta property=\"og:title\" content=\"Le frappeur de puissance - Cub Cadet Quiz\" \/>\n<meta property=\"og:description\" content=\"Je suis Le frappeur de puissance! Quelle est votre personnalit\u00e9 de golfeur? R\u00e9pondez au jeu-questionnaire sur votre personnalit\u00e9 au golf Cub CadetMD et vous pourriez gagner deux billets pour l\u2019Omnium canadien RBC 2024 ainsi qu\u2019une carte-cadeau VisaMC d\u2019une valeur de 500 $! AUCUN ACHAT REQUIS POUR PARTICIPER OU GAGNER.\" \/>\n<meta property=\"og:url\" content=\"https:\/\/quiz.cubcadet.ca\/fr\/frappeur-de-puissance\/\" \/>\n<meta property=\"og:site_name\" content=\"Cub Cadet Quiz\" \/>\n<meta property=\"article:modified_time\" content=\"2024-04-17T14:00:04+00:00\" \/>\n<meta property=\"og:image\" content=\"https:\/\/quiz.cubcadet.ca\/wp-content\/uploads\/2024\/04\/Quiz-Share-Social_FR-scaled.jpg\" \/>\n\t<meta property=\"og:image:width\" content=\"2560\" \/>\n\t<meta property=\"og:image:height\" content=\"1440\" \/>\n\t<meta property=\"og:image:type\" content=\"image\/jpeg\" \/>\n<meta name=\"twitter:card\" content=\"summary_large_image\" \/>\n<meta name=\"twitter:label1\" content=\"Dur\u00e9e de lecture estim\u00e9e\" \/>\n\t<meta name=\"twitter:data1\" content=\"1 minute\" \/>\n<script type=\"application\/ld+json\" class=\"yoast-schema-graph\">{\"@context\":\"https:\/\/schema.org\",\"@graph\":[{\"@type\":\"WebPage\",\"@id\":\"https:\/\/quiz.cubcadet.ca\/fr\/frappeur-de-puissance\/\",\"url\":\"https:\/\/quiz.cubcadet.ca\/fr\/frappeur-de-puissance\/\",\"name\":\"Le frappeur de puissance - Cub Cadet Quiz\",\"isPartOf\":{\"@id\":\"https:\/\/quiz.cubcadet.ca\/fr\/#website\"},\"primaryImageOfPage\":{\"@id\":\"https:\/\/quiz.cubcadet.ca\/fr\/frappeur-de-puissance\/#primaryimage\"},\"image\":{\"@id\":\"https:\/\/quiz.cubcadet.ca\/fr\/frappeur-de-puissance\/#primaryimage\"},\"thumbnailUrl\":\"https:\/\/quiz.cubcadet.ca\/wp-content\/uploads\/2024\/04\/Quiz-Share-Social_FR-scaled.jpg\",\"datePublished\":\"2023-03-23T16:15:24+00:00\",\"dateModified\":\"2024-04-17T14:00:04+00:00\",\"description\":\"Je suis Le frappeur de puissance! Quelle est votre personnalit\u00e9 de golfeur? R\u00e9pondez au jeu-questionnaire sur votre personnalit\u00e9 au golf Cub CadetMD et vous pourriez gagner deux billets pour l\u2019Omnium canadien RBC 2024 ainsi qu\u2019une carte-cadeau VisaMC d\u2019une valeur de 500 $! AUCUN ACHAT REQUIS POUR PARTICIPER OU GAGNER.\",\"breadcrumb\":{\"@id\":\"https:\/\/quiz.cubcadet.ca\/fr\/frappeur-de-puissance\/#breadcrumb\"},\"inLanguage\":\"fr-FR\",\"potentialAction\":[{\"@type\":\"ReadAction\",\"target\":[\"https:\/\/quiz.cubcadet.ca\/fr\/frappeur-de-puissance\/\"]}]},{\"@type\":\"ImageObject\",\"inLanguage\":\"fr-FR\",\"@id\":\"https:\/\/quiz.cubcadet.ca\/fr\/frappeur-de-puissance\/#primaryimage\",\"url\":\"https:\/\/quiz.cubcadet.ca\/wp-content\/uploads\/2024\/04\/Quiz-Share-Social_FR-scaled.jpg\",\"contentUrl\":\"https:\/\/quiz.cubcadet.ca\/wp-content\/uploads\/2024\/04\/Quiz-Share-Social_FR-scaled.jpg\",\"width\":2560,\"height\":1440},{\"@type\":\"BreadcrumbList\",\"@id\":\"https:\/\/quiz.cubcadet.ca\/fr\/frappeur-de-puissance\/#breadcrumb\",\"itemListElement\":[{\"@type\":\"ListItem\",\"position\":1,\"name\":\"Home\",\"item\":\"https:\/\/quiz.cubcadet.ca\/fr\/\"},{\"@type\":\"ListItem\",\"position\":2,\"name\":\"Le frappeur de puissance\"}]},{\"@type\":\"WebSite\",\"@id\":\"https:\/\/quiz.cubcadet.ca\/fr\/#website\",\"url\":\"https:\/\/quiz.cubcadet.ca\/fr\/\",\"name\":\"Cub Cadet Quiz\",\"description\":\"Cub Cadet Quiz\",\"potentialAction\":[{\"@type\":\"SearchAction\",\"target\":{\"@type\":\"EntryPoint\",\"urlTemplate\":\"https:\/\/quiz.cubcadet.ca\/fr\/?s={search_term_string}\"},\"query-input\":{\"@type\":\"PropertyValueSpecification\",\"valueRequired\":true,\"valueName\":\"search_term_string\"}}],\"inLanguage\":\"fr-FR\"}]}<\/script>\n<!-- \/ Yoast SEO plugin. -->","yoast_head_json":{"title":"Le frappeur de puissance - Cub Cadet Quiz","description":"Je suis Le frappeur de puissance! Quelle est votre personnalit\u00e9 de golfeur? R\u00e9pondez au jeu-questionnaire sur votre personnalit\u00e9 au golf Cub CadetMD et vous pourriez gagner deux billets pour l\u2019Omnium canadien RBC 2024 ainsi qu\u2019une carte-cadeau VisaMC d\u2019une valeur de 500 $! AUCUN ACHAT REQUIS POUR PARTICIPER OU GAGNER.","robots":{"index":"index","follow":"follow","max-snippet":"max-snippet:-1","max-image-preview":"max-image-preview:large","max-video-preview":"max-video-preview:-1"},"canonical":"https:\/\/quiz.cubcadet.ca\/fr\/frappeur-de-puissance\/","og_locale":"fr_FR","og_type":"article","og_title":"Le frappeur de puissance - Cub Cadet Quiz","og_description":"Je suis Le frappeur de puissance! Quelle est votre personnalit\u00e9 de golfeur? R\u00e9pondez au jeu-questionnaire sur votre personnalit\u00e9 au golf Cub CadetMD et vous pourriez gagner deux billets pour l\u2019Omnium canadien RBC 2024 ainsi qu\u2019une carte-cadeau VisaMC d\u2019une valeur de 500 $! AUCUN ACHAT REQUIS POUR PARTICIPER OU GAGNER.","og_url":"https:\/\/quiz.cubcadet.ca\/fr\/frappeur-de-puissance\/","og_site_name":"Cub Cadet Quiz","article_modified_time":"2024-04-17T14:00:04+00:00","og_image":[{"width":2560,"height":1440,"url":"https:\/\/quiz.cubcadet.ca\/wp-content\/uploads\/2024\/04\/Quiz-Share-Social_FR-scaled.jpg","type":"image\/jpeg"}],"twitter_card":"summary_large_image","twitter_misc":{"Dur\u00e9e de lecture estim\u00e9e":"1 minute"},"schema":{"@context":"https:\/\/schema.org","@graph":[{"@type":"WebPage","@id":"https:\/\/quiz.cubcadet.ca\/fr\/frappeur-de-puissance\/","url":"https:\/\/quiz.cubcadet.ca\/fr\/frappeur-de-puissance\/","name":"Le frappeur de puissance - Cub Cadet Quiz","isPartOf":{"@id":"https:\/\/quiz.cubcadet.ca\/fr\/#website"},"primaryImageOfPage":{"@id":"https:\/\/quiz.cubcadet.ca\/fr\/frappeur-de-puissance\/#primaryimage"},"image":{"@id":"https:\/\/quiz.cubcadet.ca\/fr\/frappeur-de-puissance\/#primaryimage"},"thumbnailUrl":"https:\/\/quiz.cubcadet.ca\/wp-content\/uploads\/2024\/04\/Quiz-Share-Social_FR-scaled.jpg","datePublished":"2023-03-23T16:15:24+00:00","dateModified":"2024-04-17T14:00:04+00:00","description":"Je suis Le frappeur de puissance! Quelle est votre personnalit\u00e9 de golfeur? R\u00e9pondez au jeu-questionnaire sur votre personnalit\u00e9 au golf Cub CadetMD et vous pourriez gagner deux billets pour l\u2019Omnium canadien RBC 2024 ainsi qu\u2019une carte-cadeau VisaMC d\u2019une valeur de 500 $! AUCUN ACHAT REQUIS POUR PARTICIPER OU GAGNER.","breadcrumb":{"@id":"https:\/\/quiz.cubcadet.ca\/fr\/frappeur-de-puissance\/#breadcrumb"},"inLanguage":"fr-FR","potentialAction":[{"@type":"ReadAction","target":["https:\/\/quiz.cubcadet.ca\/fr\/frappeur-de-puissance\/"]}]},{"@type":"ImageObject","inLanguage":"fr-FR","@id":"https:\/\/quiz.cubcadet.ca\/fr\/frappeur-de-puissance\/#primaryimage","url":"https:\/\/quiz.cubcadet.ca\/wp-content\/uploads\/2024\/04\/Quiz-Share-Social_FR-scaled.jpg","contentUrl":"https:\/\/quiz.cubcadet.ca\/wp-content\/uploads\/2024\/04\/Quiz-Share-Social_FR-scaled.jpg","width":2560,"height":1440},{"@type":"BreadcrumbList","@id":"https:\/\/quiz.cubcadet.ca\/fr\/frappeur-de-puissance\/#breadcrumb","itemListElement":[{"@type":"ListItem","position":1,"name":"Home","item":"https:\/\/quiz.cubcadet.ca\/fr\/"},{"@type":"ListItem","position":2,"name":"Le frappeur de puissance"}]},{"@type":"WebSite","@id":"https:\/\/quiz.cubcadet.ca\/fr\/#website","url":"https:\/\/quiz.cubcadet.ca\/fr\/","name":"Cub Cadet Quiz","description":"Cub Cadet Quiz","potentialAction":[{"@type":"SearchAction","target":{"@type":"EntryPoint","urlTemplate":"https:\/\/quiz.cubcadet.ca\/fr\/?s={search_term_string}"},"query-input":{"@type":"PropertyValueSpecification","valueRequired":true,"valueName":"search_term_string"}}],"inLanguage":"fr-FR"}]}},"_links":{"self":[{"href":"https:\/\/quiz.cubcadet.ca\/fr\/wp-json\/wp\/v2\/pages\/15465","targetHints":{"allow":["GET"]}}],"collection":[{"href":"https:\/\/quiz.cubcadet.ca\/fr\/wp-json\/wp\/v2\/pages"}],"about":[{"href":"https:\/\/quiz.cubcadet.ca\/fr\/wp-json\/wp\/v2\/types\/page"}],"author":[{"embeddable":true,"href":"https:\/\/quiz.cubcadet.ca\/fr\/wp-json\/wp\/v2\/users\/7"}],"replies":[{"embeddable":true,"href":"https:\/\/quiz.cubcadet.ca\/fr\/wp-json\/wp\/v2\/comments?post=15465"}],"version-history":[{"count":1,"href":"https:\/\/quiz.cubcadet.ca\/fr\/wp-json\/wp\/v2\/pages\/15465\/revisions"}],"predecessor-version":[{"id":15467,"href":"https:\/\/quiz.cubcadet.ca\/fr\/wp-json\/wp\/v2\/pages\/15465\/revisions\/15467"}],"wp:featuredmedia":[{"embeddable":true,"href":"https:\/\/quiz.cubcadet.ca\/fr\/wp-json\/wp\/v2\/media\/15470"}],"wp:attachment":[{"href":"https:\/\/quiz.cubcadet.ca\/fr\/wp-json\/wp\/v2\/media?parent=15465"}],"curies":[{"name":"wp","href":"https:\/\/api.w.org\/{rel}","templated":true}]}}